{"id":16,"date":"2018-06-04T01:21:48","date_gmt":"2018-06-03T23:21:48","guid":{"rendered":"http:\/\/alioker.com\/?page_id=16"},"modified":"2025-07-15T01:15:03","modified_gmt":"2025-07-14T23:15:03","slug":"publications","status":"publish","type":"page","link":"https:\/\/alioker.com\/index.php\/publications\/","title":{"rendered":"Publications"},"content":{"rendered":"<p>ARTICLES AND COMMUNICATIONS<\/p>\n<p>Ahondo, K., <strong>Oker, A.,<\/strong> &amp; Berjot, S. <strong>(2025, May)<\/strong>. Enhancing Work Health and Motivation in the Medico-Social Sector through Self-Determination Training. In <i>22nd European Congress of Work and Organisational Psychology<\/i>.<\/p>\n<p>Ahondo, K., <strong>Oker, A.,<\/strong> &amp; Berjot, S. <strong>(2025, April)<\/strong>. Am\u00e9liorer la sant\u00e9 au travail et la motivation dans le secteur m\u00e9dico-social par le biais d\u2019une formation \u00e0 la th\u00e9orie de l\u2019autod\u00e9termination: une \u00e9tude quasi exp\u00e9rimentale men\u00e9e dans le cadre du programme \u00abUn chez soi d\u2019abord\u00bb. In <i>19e Journ\u00e9e Scientifique des Jeunes Chercheuses et Chercheurs en Psychologie<\/i>.<\/p>\n<p>Rogez, L., <strong>Oker, A.,<\/strong> Gobin, P., Caruana, S., Stefaniak, N., &amp; Caillies, S. <strong>(2025, April).<\/strong> Decoding Emotions: Clustering Facial Expressions to Challenge State-of-the-art\u2019s Models. In <i>19e Journ\u00e9e Scientifique des Jeunes Chercheuses et Chercheurs en Psychologie<\/i>.<\/p>\n<p>Fongaro, E., Anders, R., <strong>Oker, A.,<\/strong> Laraki, Y., Eisenblaetter, M., Bayard, S., &#8230; &amp; Raffard, S. <strong>(2025).<\/strong> Are thoughts and behaviours of individuals with schizophrenia more susceptible to being influenced during pandemic situations? A glimpse provided by the COVID-19 pandemic. <i>European Archives of Psychiatry and Clinical Neuroscience<\/i>, <i>275<\/i>(1), 163-166. https:\/\/doi.org\/10.1007\/s00406-024-01771-6<\/p>\n<p style=\"font-weight: 400;\"><strong>Oker, A. (2024).<\/strong> <em>&#8220;Embodied Social Cognition with Virtual Agents in Cognitive Neuroscience&#8221;.<\/em> University College London (UCL), Institute of Cognitive Neuroscience. February 26. \u00a0-Invited Guests talk-<\/p>\n<p style=\"font-weight: 400;\"><strong>Oker, A. (2024).<\/strong> Social Signals in Affective Cognitive Sciences: Recognition and Production. EQUALITY DIVERSITY AND INCLUSION FOR RESEARCH ENHANCEMENT, The University Sarajevo School of Science and Technology, June 4<sup>th<\/sup>. Bosnia and Herzegovina.<\/p>\n<p>Rogez, L., <strong>Oker, A.,<\/strong> Stefaniak, N., Gobin, P., Caruana, S., &amp; Caillies, S. <strong>(2024, December)<\/strong>. L&#8217;IA au profit de l&#8217;\u00e9tude des expressions \u00e9motionnelles non verbales. In <i>L&#8217;intelligence artificielle dans la recherche en psychologie<\/i>.<\/p>\n<p><strong>Oker, A.,<\/strong> Laraki, Y., Anders, R., Fongaro, E., Capdevielle, D., &amp; Raffard, S. <strong>(2024)<\/strong>. Validation of the French COVID-Related Thoughts and Behavioral Symptoms Questionnaire (Cov-Tabs): A self-report assessment. <i>L&#8217;encephale<\/i>, <i>50<\/i>(6), 610-615. https:\/\/doi.org\/10.1016\/j.encep.2023.11.010<\/p>\n<p>Henry, A., Schmid, F., Obert, A., Barriere, S., Durtette, A., Ozturk, J., Traykova M., <strong>Oker, A.,<\/strong> Raucher-Chene, D., Gierski, F., Kaladjian, A. <strong>(2024)<\/strong>. Dynamic facial emotion recognition processes according to hypomanic personality traits: An eye-tracking study. <em>Bipolar Disorders, 26<\/em>,83-83<\/p>\n<p>Ahondo, K., <strong>Oker, A.,<\/strong> &amp; Berjot, S. <strong>(2024, July)<\/strong>. Th\u00e9orie de l&#8217;autod\u00e9termination et la schizophr\u00e9nie: une revue de syst\u00e9matique de litt\u00e9rature. In <i>Congr\u00e8s International de Psychologie Sociale<\/i>.<\/p>\n<p><strong>Oker, A.<\/strong>, Montero, V., Schiffler, F., Capdevielle, D., &amp; Raffard, S. (2023). \u201cHow many died?\u201d Memory bias for number of deaths in schizotypal personality traits. <i>Canadian Journal of Behavioural Science\/Revue canadienne des sciences du comportement<\/i>, <em>57<\/em>(1), 78\u201386. https:\/\/doi.org\/10.1037\/cbs0000399<\/p>\n<p><strong>Oker, A.<\/strong>, Chevalier, S., Passerieux, C., Roux, P., &amp; Brunet-Gouet, E. <strong>(2023, May)<\/strong>. Indi\u00e7age visuel pour l\u2019intentionnalit\u00e9: Etude pr\u00e9liminaire en EEG chez les patients souffrant de schizophr\u00e9nie. In <i>Groupe de REfl\u00e9xion de psychoPAthologie Cognitive (GREPACO) Colloque<\/i>. Oral Presentation.<\/p>\n<p>Declercq, C., &amp; <strong>Oker, A. (2023)<\/strong>. <em>De la variabilit\u00e9 du d\u00e9veloppement des enfants aux in\u00e9galit\u00e9s: un apport des connaissances en psychologie et neurosciences. Faire face aux in\u00e9galit\u00e9s sociales-un d\u00e9fi pour les professionnels de l&#8217;\u00e9ducation<\/em>. Editions Francas, Paris.<\/p>\n<p><strong>Oker, A.<\/strong> (<strong>2022<\/strong>). Embodied social cognition investigated with virtual agents: The infinite loop between social brain and virtual reality. <i>Frontiers in Virtual Reality<\/i>, 157. https:\/\/doi.org\/10.3389\/frvir.2022.962129<\/p>\n<p style=\"font-weight: 400;\"><b>Oker, A<\/b>., Pecune, F., &amp; Vallverdu, J. (<strong>2022<\/strong>). Virtual Reality for Neuropsychology and Affective Cognitive Sciences: Theoretical and Methodological Avenues for Studying Human Cognition. <i>Frontiers in Virtual Reality<\/i>, <i>3<\/i>, 192. https:\/\/doi.org\/10.3389\/frvir.2022.1100387<\/p>\n<p>Pavic, K., <strong>Oker, A.,<\/strong> Chetouani, M., &amp; Chaby, L. (<strong>2021<\/strong>). Age-related changes in gaze behavior during social interaction: an eye-tracking study with an embodied conversational agent. Q<i>uarterly Journal of Experimental Psychology, 76<\/i>(6). https:\/\/doi.org\/10.1177\/1747021820982165<\/p>\n<p><strong>Oker, A.,<\/strong>\u00a0 Pecune, F. &amp; Declerq, C. (<strong>2020<\/strong>). Virtual Tutor and Pupil Interaction: A study of the empathic feedback for learning process. <em>Education and Information Technologies, 25,\u00a0<\/em>3643\u20133658. https:\/\/doi.org\/10.1007\/s10639-020-10123-5<\/p>\n<p>Lannoy, S., Gilles, F., Benzerouk, F., Henry, A., <strong>Oker, A.,<\/strong> Raucher-Ch\u00e9n\u00e9, D., &#8230; &amp; Gierski, F. (<strong>2020<\/strong>). Disentangling the role of social cognition processes at early steps of alcohol abuse: the influence of affective theory of mind.\u00a0<i>Addictive Behaviors<\/i>, 106,187. https:\/\/doi.org\/10.1016\/j.addbeh.2019.106187<\/p>\n<p><strong>Oker, A.,<\/strong> Del Goleto, S., Vignes, A., Passerieux, C., Roux, ., &amp; Gouet, E. B. (<strong>2019<\/strong>). Schizophrenia patients are impaired in recognition task but more for intentionality than physical causality.\u00a0<i>Consciousness and cognition<\/i>,\u00a0<i>67<\/i>, 98-107. https:\/\/doi.org\/10.1016\/j.concog.2018.11.007<\/p>\n<p><strong>Oker, A.,<\/strong> Glas, N., Pecune, F., &amp; Pelachaud, C. (<strong>2018<\/strong>). An embodied virtual agent platform for emotional Stroop effect experiments: A proof of concept.\u00a0<i>Biologically inspired cognitive architectures<\/i>,\u00a0<i>24<\/i>, 107-114. https:\/\/doi.org\/10.1016\/j.bica.2018.04.011<\/p>\n<p>Jeanne, F., Soullard, Y., <strong>Oker, A.<\/strong> &amp; Thouvenin, I. (<strong>2017<\/strong>). EBAGG: Error-Based Assistance for Gesture Guidance. ICALT 2017. <em>19th International Conference on Advanced Learning Technologies. https:\/\/doi.org\/10.1109\/ICALT.2017.32<\/em><\/p>\n<p>Zina, BB., <strong>Oker, A.,<\/strong> Courgeon, M., Urbach, M., Bazin, N., Amorim, MA., Martin, J-C., Passerieux, C., Roux, P. &amp; Brunet-Gouet, E. (<strong>2016<\/strong>). Patients with schizophrenia are less prone to interpret virtual others&#8217; empathetic questioning as helpful: <em>Psychiatry Research, vol. 242, pg. 67-74. https:\/\/doi.org\/10.1016\/j.psychres.2016.05.022<\/em><\/p>\n<p>Brunet-Gouet, E., <strong>Oker, A.,<\/strong> Zina, BB., Courgeon, M., Urbach, M., Bazin, N., Martin, J.C., Amorim, MA, Roux, P., &amp; Passerieux, C. (<strong>2016<\/strong>). Virtual reality insights into schizophrenic patients\u2019 way to interpret an Avatar&#8217;s help. <em>European Psychiatry, vol.33:S243. https:\/\/doi.org\/10.1016\/j.eurpsy.2016.01.614<\/em><\/p>\n<p>Brunet-Gouet, E., <strong>Oker, A.,<\/strong> Martin, J-C., Grynszpan, O. &amp; Jackson, PL (<strong>2016<\/strong>). Advances in Virtual Agents and Affective Computing for the Understanding and Remediation of Social Cognitive Disorders. <em>Frontiers in Human Neuroscience, 9:697. https:\/\/doi.org\/10.3389\/fnhum.2015.00697<\/em><\/p>\n<p><strong>Oker, A.,<\/strong> Prigent, E., Courgeon, M., Eyharabide, V., Urbach, M., Bazin, N., Amorim, M-A, Passerieux, C., Martin, J-C., &amp; Brunet-Gouet, E. (<strong>2015<\/strong>). How and why affective and reactive virtual agents will bring new insights on social cognitive disorders in schizophrenia? An illustration with a virtual card game paradigm. <em>Frontiers in Human Neuroscience; 9:133. https:\/\/doi.org\/10.3389\/fnhum.2015.00133<\/em><\/p>\n<p><strong>Oker, A.,<\/strong> Courgeon, M., Prigent, E., Eyharabide, M., Bazin, V., Urbach, M., Passerieux, C., Martin, J-C., Amorim, MA,&amp; Brunet-Gouet, E. (<strong>2015<\/strong>). A virtual reality study of help recognition and metacognition with an affective agent. <em>International Journal of Synthetic Emotions, 6:1. https:\/\/doi.org\/<\/em>10.4018\/IJSE.2015010104<\/p>\n<div id=\"ctl00_cphFeatured_pnlPrices\" class=\"price-container-grid\">\n<div class=\"box-container\">\n<div class=\"outer special-offer active\">\n<div class=\"inner\">\n<div class=\"upper\"><strong>Oker, A., <\/strong>&amp; Versace, R. (<strong>2014<\/strong><em>).<\/em> Global matching models: A framework for investigating distinctiveness effect on explicit and implicit memory. <em>Psychologie Fran\u00e7aise, 59 ; 231-246<\/em>.<\/div>\n<\/div>\n<\/div>\n<\/div>\n<\/div>\n<p>Brunet-Gouet, E., <strong>Oker, A., <\/strong>Urbach, M., Bazin, N., Passerieux, C. (<strong>2013<\/strong>). How to assess social cognition? As a whole or in pieces? <em>European Psychiatry, 28:8<\/em><strong>; 21<\/strong>.<\/p>\n<p><strong>Oker, A., <\/strong>&amp; Akinci, M-A. (<strong>2012<\/strong>). L\u2019influence des processus implicites dans une t\u00e2che de d\u00e9nomination chez les enfants bilingues franco-turc de 5 ans. <em>CogniTextes, <\/em>Volume 8.<\/p>\n<p><strong>Oker, A.,<\/strong> &amp; Versace, R. (<strong>2010<\/strong>). Distinctiveness effect due to contextual information in a categorization task. <em>Current Psychology Letters\u00a0: Behaviour, Brain &amp; Cognition, 26:1.\u00a0 \u00a0\u00a0<\/em><\/p>\n<p>Brunel, L., <strong>Oker, A.,<\/strong> Riou, B., &amp; Versace, R. (<strong>2010<\/strong>). Memory and Consciousness: trace distinctiveness in explicit and implicit memory retrievals. <em>Consciousness and Cognition, 19(4), <\/em>926-937.<\/p>\n<p><strong>Oker, A.,<\/strong> Versace, R., &amp; Ortiz, L. (<strong>2009<\/strong>). Spatial distinctiveness effect in categorization. <em>European Journal of Cognitive Psychology, 21:7<\/em>, 971-979.<\/p>\n<p>Labeye, E., <strong>Oker A.,<\/strong> Badard, G., &amp; Versace, R. (<strong>2008<\/strong>). Importance of motor representations in emergence of knowledge. <em>Acta Psychologica, 129 :1<\/em>, 108-111.<\/p>\n<p>CHAPTER<\/p>\n<p>Brunet-Gouet, E., &amp; <strong>Oker, A.<\/strong> (<strong><em>2014<\/em><\/strong>). Points de vus th\u00e9oriques et pratiques sur l\u2019\u00e9valuation de la cognition sociale dans la schizophr\u00e9nie. In N. Frank (Eds.) <em>Cognition Sociale et Schizophr\u00e9nie. <\/em>Elsevier Masson.<\/p>\n<p>INVITED CONFERENCER<\/p>\n<p><strong>Oker, A. (2017). <\/strong><em>Eye-tracking de l\u2019interaction sociale avec agents virtuels chez les personnes \u00e2g\u00e9es. <\/em>S\u00e9minaire des D\u00e9sordres Oculomoteurs. Institut du Cerveau et de la Mo\u00eblle \u00e9pini\u00e8re (ICM) \u2013 H\u00f4pital Piti\u00e9 Salp\u00eatri\u00e8re, Paris. 2 Novembre.<\/p>\n<p><strong>Oker, A. (2016). <\/strong><em>Les agents virtuels et l\u2019\u00e9tude de la schizophr\u00e9nie<\/em>. Universit\u00e9 Paul Val\u00e9ry Montpellier III &amp; CHRU de Montpellier, Laboratoire EPSYLON. Juin, Montpellier.<\/p>\n<p><strong>Oker, A.<\/strong> (<strong>2015<\/strong>)<strong>.<\/strong> <em>La r\u00e9alit\u00e9 virtuelle et la schizophr\u00e9nie.<\/em> Universit\u00e9 Claude Bernard Lyon 1, Centre Hospitalier Le Vinatier, Service Universitaire de R\u00e9habilitation, Novembre, Lyon.<\/p>\n<p><strong>Oker, A.<\/strong> (<strong>2012<\/strong>). <em>Spatial, contextual and motor representations in implicit and explicit knowledge: Single memory system framework. <\/em>University College London (UCL), Department of Cognitive, Perceptual and Brain sciences, London, 10 January.<\/p>\n<p>INTERNATIONAL SCIENTIFIC COMMUNICATIONS<\/p>\n<p><strong>Oker, A. (2024).\u00a0<\/strong><\/p>\n<p><strong>Oker, A. (2021)<\/strong>. Embodied social cognition with virtual agents. 5th International Conference on Interactivity, Language &amp; Cognition. Integrating Quantitative and Qualitative Methods<br \/>\nin the Cognitive and Language Sciences, University of Warsaw, Poland.September 16.<\/p>\n<p><strong>Oker, A., <\/strong>Pavic, K., Pelachaud, C. Chetouani, M. &amp; Chaby, L. (<strong>2018<\/strong>). Social interaction of aging individuals with embodied conversational agents: An eye-tracking study. Interactive Eye Gaze. UCL Institute of Cognitive Neuroscience. February 12.<\/p>\n<p><strong>Oker, A.<\/strong> (<strong>2016<\/strong>).\u00a0Embodied Conversational Agents: How artificial emotional intelligence can be an asset in schizophrenia research? The Alterego European Workshop &#8220;Contemporary Technologies for Mental Health.University of Montpellier 3. France. September 29-30.<\/p>\n<p><strong>Oker, A.,<\/strong> Glas, N., Pecune, F., Cafaro, A. &amp; Pelachaud, C. (<strong>2016<\/strong>). Vib-ex: A saiba compliant platform for naturatistic social cognition experimentations.\u00a0<em>International Congres of Motor Behaviour &amp; Emotion<\/em>. University of Lille 3. France. November 21-23.<\/p>\n<p><strong>Oker, A.<\/strong> (<strong>2016<\/strong>). Interactive virtual agents: New means for investigating social cognitive disorders, remediation programs and schizophrenia research. 11<sup>th<\/sup> Conference on Cognitive Neuropsychiatry. Strasbourg: 31 Mars.<\/p>\n<p>Brunet-Gouet, E., <strong>Oker, A.,<\/strong> Urbach, M., &amp; Passerieux, C.\u00a0(<strong>2013<\/strong>). La cognition sociale appliqu\u00e9e \u00e0 la r\u00e9habilitation du schizophr\u00e8ne. Pr\u00e9sentation orale, 11<sup>\u00e8me<\/sup> Congr\u00e8s International de l\u2019Association de Recherche et de Soutien de Soins en Psychiatrie G\u00e9n\u00e9rale. France\u00a0: Paris, Mars 2013.<\/p>\n<p>Brunet-Gouet, E., &amp; <strong>Oker, A.<\/strong> (<strong>2013<\/strong>). Evaluer la cognition sociale\u00a0: Enjeux pratiques et th\u00e9oriques. Pr\u00e9sentation orale au 5<sup>\u00e8me<\/sup> colloque de l\u2019Association Francophone de la R\u00e9mediation Cognitive (AFRC), Lyon, 20 Septembre.<\/p>\n<p>Akinci, M-A., Delamotte, R., &amp; <strong>Oker, A.<\/strong> (<strong>2011<\/strong>). Developmental comparison of lexical richness of bilingual and monolingual children. Pr\u00e9sentation orale, 8\u00e8me Symposium on Bilingualism (ISB8). Oslo: Norway, June 2011.<\/p>\n<p><strong>Oker, A.,<\/strong> Akinci, M-A., Le Coz, A., &amp; Lhoste-Lassus, A. (<strong>2011<\/strong>). D\u00e9nomination non consciente de mots chez des enfants bilingues franco-turcs en grande section maternelle. Communication orale \u00e0 la 4<sup>\u00e8me<\/sup> Colloque International de l\u2019Association Fran\u00e7aise de Linguistique Cognitive (AFLiCo). Lyon\u00a0: France, Mai 2011.<\/p>\n<p>Brunel, L., <strong>Oker, A.<\/strong> &amp; Versace, R. (<strong>2009<\/strong>). Memory &amp; Consciousness : Trace Distinctiveness. Communication affich\u00e9e \u00e0 13th annual meeting of association for the scientific study of consciousness, Berlin, Germany.<\/p>\n<p><strong>Oker, A.,<\/strong> &amp; Versace, R. (<strong>2008<\/strong>). Spacial distinctiveness effect in categorization. Communication affich\u00e9e \u00e0 Recollection Workshop \u201cRemember\/Know Paradigm, Neuropsychology and Aging\u201d. Tours (France) \u2013 Leeds (England), 28-30 Mai.<\/p>\n<p>Brunel, L., <strong>Oker, A.,<\/strong> &amp; Versace, R. (<strong>2008<\/strong>). Trace distinctiveness and feeling of recollection. Communication affich\u00e9e \u00e0 3rd Recollection workshop. Paris, 18th December.<\/p>\n<p>Badard, G., Labeye, E., <strong>Oker, A.,<\/strong> &amp; Versace, R. (<strong>2005<\/strong>). Importance of motor representations in emergence of knowledge. Communication affich\u00e9e \u00e0 la XIVth Conf\u00e9rence of the European Society for Cognitive Psychology (ESCOP). Leiden : The Netherlands, 31 Ao\u00fbt-3 Septembre.<\/p>\n<p>NATIONAL SCIENTIFIC COMMUNICATIONS (FRANCE)<\/p>\n<p>Berrada-Baby, Z.,<strong> Oker, A.,<\/strong> Courgeon, M., Urbach, M., Bazin, N., Amorim, M-A., Martin, J-C, Passerieux, C., Roux, P., Brunet- Gouet, E. (<strong>2016<\/strong>). Des avatars pour comprendre et rem\u00e9dier les d\u00e9ficits de cognition sociale des patients schizophr\u00e8nes. Colloque \u201cHandiversit\u00e9\u201d; Universit\u00e9 Paris-Saclay, April 7.<\/p>\n<p>Brunet-Gouet, E., <strong>Oker, A.,<\/strong> Urbach, M., Bazin, N., &amp; Passerieux, C. (<strong>2013<\/strong>). Comment \u00e9valuer la cognition sociale\u00a0? Pr\u00e9sentation orale au 5<sup>\u00e8me<\/sup> Congr\u00e8s Fran\u00e7ais de Psychiatrie, session Cognition sociale et Schizophr\u00e9nie, Nice, 30 novembre.<\/p>\n<p><strong>Oker, A.,<\/strong> &amp; Akinci, M-A. (<strong>2011<\/strong>). Analyse comparative des comp\u00e9tences \u00e9crites des lyc\u00e9ens bilingues franco-turcs, monolingues fran\u00e7ais et turcs. Communication affich\u00e9e \u00e0 la 9<sup>\u00e8me<\/sup> Rencontres des Jeunes Chercheurs en Parole (RJCP 2011). Grenoble\u00a0: France, Mai 2011.<\/p>\n<p>Brunel, L., Vallet, G., Lesourd, M., &amp; <strong>Oker, A.<\/strong> (<strong>2009<\/strong>). L\u2019aspect sensoriel des connaissances\u00a0: g\u00e9n\u00e9ralisation et sp\u00e9cification des connaissances. Dans D. Brouillet &amp; R. Versace, une m\u00e9moire \u00e9mergente\u00a0: quand la situation de r\u00e9cup\u00e9ration fait souvenir. Symposium effectu\u00e9 au Congr\u00e8s de la Soci\u00e9t\u00e9 Fran\u00e7aise de Psychologie, Toulouse\u00a0: France.<\/p>\n<p><strong>Oker, A., <\/strong>&amp; Versace, R., (<strong>2008<\/strong>). La distinctivit\u00e9 en categorization. Communication affich\u00e9e au Congr\u00e8s Soci\u00e9t\u00e9 Fran\u00e7aise de Psychologie (SFP). Bordeaux, 10 au 12 septembre 2008.<\/p>\n<p>Badard, G., Labeye, E., <strong>Oker, A.,<\/strong> &amp; Versace, R. (<strong>2005<\/strong>). Activation et int\u00e9gration des repr\u00e9sentations sensori-motrices dans l\u2019\u00e9mergence des connaissances. Communication orale \u00e0 la Colloque Inter Laboratoire, Montpellier, 9-10 Juin.<\/p>\n","protected":false},"excerpt":{"rendered":"<p>ARTICLES AND COMMUNICATIONS Ahondo, K., Oker, A., &amp; Berjot, S. (2025, May). Enhancing Work Health and Motivation in the Medico-Social Sector through Self-Determination Training. In 22nd European Congress of Work and Organisational Psychology. Ahondo, K., Oker, A., &amp; Berjot, S. (2025, April). Am\u00e9liorer la sant\u00e9 au travail et la motivation dans le secteur m\u00e9dico-social par &hellip; <\/p>\n<p class=\"link-more\"><a href=\"https:\/\/alioker.com\/index.php\/publications\/\" class=\"more-link\">Continue reading<span class=\"screen-reader-text\"> &#8220;Publications&#8221;<\/span><\/a><\/p>\n","protected":false},"author":1,"featured_media":0,"parent":0,"menu_order":0,"comment_status":"closed","ping_status":"closed","template":"","meta":{"footnotes":""},"class_list":["post-16","page","type-page","status-publish","hentry","entry"],"jetpack_sharing_enabled":true,"_links":{"self":[{"href":"https:\/\/alioker.com\/index.php\/wp-json\/wp\/v2\/pages\/16","targetHints":{"allow":["GET"]}}],"collection":[{"href":"https:\/\/alioker.com\/index.php\/wp-json\/wp\/v2\/pages"}],"about":[{"href":"https:\/\/alioker.com\/index.php\/wp-json\/wp\/v2\/types\/page"}],"author":[{"embeddable":true,"href":"https:\/\/alioker.com\/index.php\/wp-json\/wp\/v2\/users\/1"}],"replies":[{"embeddable":true,"href":"https:\/\/alioker.com\/index.php\/wp-json\/wp\/v2\/comments?post=16"}],"version-history":[{"count":14,"href":"https:\/\/alioker.com\/index.php\/wp-json\/wp\/v2\/pages\/16\/revisions"}],"predecessor-version":[{"id":129,"href":"https:\/\/alioker.com\/index.php\/wp-json\/wp\/v2\/pages\/16\/revisions\/129"}],"wp:attachment":[{"href":"https:\/\/alioker.com\/index.php\/wp-json\/wp\/v2\/media?parent=16"}],"curies":[{"name":"wp","href":"https:\/\/api.w.org\/{rel}","templated":true}]}}