{"id":130,"date":"2025-07-15T01:17:02","date_gmt":"2025-07-14T23:17:02","guid":{"rendered":"https:\/\/alioker.com\/?page_id=130"},"modified":"2025-07-15T01:31:57","modified_gmt":"2025-07-14T23:31:57","slug":"activite-professionnelle","status":"publish","type":"page","link":"https:\/\/alioker.com\/index.php\/activite-professionnelle\/","title":{"rendered":"Activit\u00e9 Professionnelle"},"content":{"rendered":"\n<p class=\"has-text-align-justify\">Apr\u00e8s l&#8217;obtention de mon dipl\u00f4me de fin d&#8217;\u00e9tudes (\u00e9quivalent Baccalaur\u00e9at) au Lyc\u00e9e Fran\u00e7ais Saint-Michel d&#8217;Istanbul, j&#8217;ai d\u00e9but\u00e9 mes \u00e9tudes \u00e0 l&#8217;Universit\u00e9 Lyon 2 Lumi\u00e8re en l&#8217;an 2000. Suite \u00e0 l&#8217;obtention de mon Master 2 Recherche en psychologie cognitive en 2005, j&#8217;ai entrepris un doctorat sans financement sous la direction du Pr. R\u00e9my Versace au sein de la m\u00eame universit\u00e9, entre 2005 et 2009. Mes travaux de th\u00e8se portaient sur le caract\u00e8re probabiliste de la r\u00e9cup\u00e9ration d&#8217;informations en m\u00e9moire \u00e0 long terme, y compris pour des connaissances s\u00e9mantiques et abstraites. Cette th\u00e8se a donn\u00e9 lieu \u00e0 la publication de quatre articles scientifiques internationaux \u00e0 comit\u00e9 de lecture. Durant ces quatre ann\u00e9es, j&#8217;ai b\u00e9n\u00e9fici\u00e9 de deux contrats d&#8217;ATER \u00e0 mi-temps, ce qui m&#8217;a permis d&#8217;assurer des enseignements en licence et en master pour un total de 384 heures. J&#8217;ai soutenu ma th\u00e8se en juin 2009 devant un jury pr\u00e9sid\u00e9 par Pr. Olivier Koenig (Lyon 2), avec mention tr\u00e8s honorable et f\u00e9licitations du jury.<\/p>\n\n\n\n<p class=\"has-text-align-justify\">\u00c0 la suite de l&#8217;obtention de mon doctorat, j&#8217;ai effectu\u00e9 une p\u00e9riode de postdoctorat entre 2009 et 2018, durant laquelle j&#8217;ai occup\u00e9 quatre postes distincts, dont trois financ\u00e9s par l&#8217;ANR. Mon premier postdoctorat s&#8217;est d\u00e9roul\u00e9 au laboratoire DDL UMR (Lyon, 2010-2011) et portait sur le bilinguisme franco-turc chez les enfants en psycholinguistique. Mon deuxi\u00e8me postdoctorat a eu lieu \u00e0 l&#8217;Universit\u00e9 de Versailles et au CHU de Versailles, au service de psychiatrie et au laboratoire ECLIPSY EA (Versailles, 2013-2014). L&#8217;objectif \u00e9tait de d\u00e9velopper un outil d&#8217;\u00e9valuation et d&#8217;exp\u00e9rimentation avec des agents virtuels pour la prise en charge des patients schizophr\u00e8nes en psychiatrie. Par la suite, mon troisi\u00e8me postdoctorat s&#8217;est d\u00e9roul\u00e9 \u00e0 l&#8217;\u00e9cole MINES Paris-Tech (LTCI, UMR) et \u00e0 l&#8217;Universit\u00e9 Sorbonne (ISIR, UMR) afin de mettre au point l&#8217;utilisation d&#8217;agents virtuels affectifs et interactifs pour les exp\u00e9rimentations en cognition sociale, notamment les \u00e9valuations neurocognitives aupr\u00e8s des personnes \u00e2g\u00e9es et des enfants (2016-2017). Ensuite, j&#8217;ai effectu\u00e9 un court postdoctorat \u00e0 l&#8217;Universit\u00e9 de Technologie de Compi\u00e8gne au sein du laboratoire Heudiasyc (UMR, 6 mois-d\u00e9mission, 2017), portant sur la r\u00e9alit\u00e9 virtuelle et l&#8217;apprentissage des gestes par feedback dynamique. Entre 2017 et 2018, j&#8217;ai travaill\u00e9 dans le secteur priv\u00e9 en tant que charg\u00e9 de recherche \u00e0 l&#8217;entreprise &#8220;Suricog&#8221; (Paris, 6 mois), une soci\u00e9t\u00e9 sp\u00e9cialis\u00e9e dans les solutions d&#8217;eye-tracking (oculom\u00e9trie) pour les services de neurologie des CHU. Suite \u00e0 mon recrutement \u00e0 l&#8217;Universit\u00e9 de Reims Champagne-Ardenne (URCA) en tant que MCF en psychologie du d\u00e9veloppement en 2018, j&#8217;ai d\u00e9missionn\u00e9 de mes fonctions dans le priv\u00e9.<\/p>\n\n\n\n<p class=\"has-text-align-justify\">Sur le plan p\u00e9dagogique, mon poste \u00e9tait bas\u00e9 \u00e0 l&#8217;Insp\u00e9 de Troyes, \u00e9tablissement constituant une antenne de l&#8217;Insp\u00e9 de Reims. Ce dernier regroupe les sites de Reims, Troyes, Charleville-M\u00e9zi\u00e8re, Ch\u00e2lons-en-Champagne et Chaumont. Entre septembre 2018 et 2023, j&#8217;ai dispens\u00e9 des enseignements en Master MEEF 1er degr\u00e9 (professorat des \u00e9coles) \u00e0 Troyes et \u00e0 Chaumont. Cette fonction impliquait une r\u00e9sidence \u00e0 Troyes, tandis que mon laboratoire de rattachement, le C2S, \u00e9tait situ\u00e9 \u00e0 Reims. Parall\u00e8lement, j&#8217;ai assur\u00e9 des interventions en Master PIF (Pratiques et Ing\u00e9nierie de Formation) \u00e0 Reims. De plus, pour pallier le manque d&#8217;enseignants au sein du d\u00e9partement de psychologie, j&#8217;ai dispens\u00e9 des enseignements \u00e0 l&#8217;UFR SHS de Reims. J&#8217;ai \u00e9galement assur\u00e9 des enseignements en pr\u00e9sentiel sur l&#8217;ensemble des sites de l&#8217;Insp\u00e9 en mode hybride, ainsi que dans trois UFR: l&#8217;Insp\u00e9, l&#8217;UFR SHS et l&#8217;UFR Sciences Exactes et Naturelles entre 2018 et 2025.<\/p>\n\n\n\n<p class=\"has-text-align-justify\">Cons\u00e9cutivement \u00e0 ma demande de r\u00e9affectation interne, approuv\u00e9e par les instances de l&#8217;Universit\u00e9, j&#8217;ai \u00e9t\u00e9 r\u00e9affect\u00e9 officiellement au d\u00e9partement de psychologie de l&#8217;UFR SHS \u00e0 compter de septembre 2023. Depuis cette date, je continue \u00e0 enseigner sur trois composants. J\u2019enseigne principalement des cours de psychologie cognitive, exp\u00e9rimentale, d\u00e9veloppementale, m\u00e9thodologie et statistiques.<\/p>\n\n\n\n<p class=\"has-text-align-justify\">En termes de responsabilit\u00e9s, j&#8217;ai assum\u00e9 la responsabilit\u00e9 de l&#8217;ensemble des EC de recherche sur l&#8217;Insp\u00e9 de Troyes entre 2020 et 2022. J&#8217;ai \u00e9galement \u00e9t\u00e9 membre suppl\u00e9ant de l&#8217;IFSI de Chaumont (Institut de Formation des soins infirmiers) jusqu&#8217;en 2022. Par ailleurs, j&#8217;ai \u00e9t\u00e9 membre de la commission de recrutement des candidatures de Master Pif entre 2021 et 2023. En tant que membre MCF, j&#8217;ai particip\u00e9 \u00e0 plusieurs comit\u00e9s de s\u00e9lection pour les postes MCF en interne et en externe: en externe, j&#8217;ai particip\u00e9 \u00e0 un Comit\u00e9 de S\u00e9lection (COS) en 2023 pour l&#8217;Universit\u00e9 Paris 8 et en 2022 \u00e0 l&#8217;Universit\u00e9 de Picardie Jules Verne; en interne, j&#8217;ai particip\u00e9 en 2022 au COS pour un poste de psychologie du d\u00e9veloppement et en 2023 au COS pour un poste de neurosciences au d\u00e9partement de psychologie \u00e0 l&#8217;URCA. En 2024, j&#8217;\u00e9tais le pr\u00e9sident du COS pour un poste de neurosciences au sein du m\u00eame d\u00e9partement \u00e0 l&#8217;URCA. Par ailleurs, j&#8217;ai \u00e9t\u00e9 missionn\u00e9 par la direction du laboratoire C2S pour cr\u00e9er une cellule de communication et g\u00e9rer la diffusion des actualit\u00e9s de recherches et d&#8217;activit\u00e9s du laboratoire C2S, tant en interne au sein de l&#8217;Universit\u00e9 qu&#8217;en externe aupr\u00e8s du grand public pour organiser la participation du laboratoire aux manifestations de la F\u00eate de la science, la semaine de la sant\u00e9 mentale, le mois du Cerveau etc. Enfin, concernant mes responsabilit\u00e9s en tant qu&#8217;\u00e9lu, je suis \u00e9lu repr\u00e9sentant des ma\u00eetres de conf\u00e9rences au sein du conseil d&#8217;unit\u00e9 du laboratoire C2S depuis 2023, puis responsable de la Licence Acc\u00e8s Sant\u00e9 (LAS) au d\u00e9partement de psychologie en 2024, afin d&#8217;assurer la mise en place de la LAS entre l&#8217;UFR SHS et la facult\u00e9 de M\u00e9decine.<\/p>\n\n\n\n<p class=\"has-text-align-justify\">Dans le cadre de mes recherches, j&#8217;ai men\u00e9 l&#8217;ensemble de mes travaux au sein du laboratoire C2S (Cognition, Sant\u00e9, Soci\u00e9t\u00e9) en me concentrant sur les caract\u00e9ristiques de l&#8217;interaction sociale aupr\u00e8s de diff\u00e9rentes populations: \u00e9l\u00e8ves, traits de personnalit\u00e9 et troubles mentaux s\u00e9v\u00e8res (schizophr\u00e9nie, schizotypie, troubles li\u00e9s \u00e0 l&#8217;usage d&#8217;alcool). Plus pr\u00e9cis\u00e9ment, mes recherches portent sur l&#8217;\u00e9valuation de la reconnaissance des expressions faciales \u00e0 l&#8217;aide d&#8217;agents virtuels anim\u00e9s capables d&#8217;interagir avec l&#8217;utilisateur; l&#8217;interaction entre la communication verbale et non verbale et les strat\u00e9gies oculaires sous-jacentes; les biais d&#8217;attribution; les questions de rumination ainsi que la modalisation des postures \u00e9motionnelles et la th\u00e9orie de l&#8217;esprit chez les personnes souffrant de schizophr\u00e9nie. Mes travaux empiriques s&#8217;appuient sur des m\u00e9thodologies exp\u00e9rimentales incluant des outils informatis\u00e9s, l&#8217;eye-tracking, l&#8217;EEG et l&#8217;analyse des expressions faciales des individus avec la technique de <em>machine learning<\/em>.<\/p>\n\n\n\n<p class=\"has-text-align-justify\">Depuis le d\u00e9but de ma carri\u00e8re, j&#8217;ai publi\u00e9 25 articles dans des revues scientifiques de l&#8217;ACL (principalement en Q1-Q2) et deux chapitres d&#8217;ouvrage. Ces publications sont majoritairement r\u00e9pertori\u00e9es sur l&#8217;archive ouverte HAL (70% avec texte int\u00e9gral, 20% r\u00e9f\u00e9renc\u00e9es en attendant la fin de l&#8217;embargo). J&#8217;ai \u00e9galement pr\u00e9sent\u00e9 plusieurs communications orales lors de congr\u00e8s internationaux, ainsi que des communications affich\u00e9es dans le cadre de ces m\u00eames congr\u00e8s (port\u00e9es par les deux doctorants que je co-encadre, voir le d\u00e9tail plus bas). J&#8217;ai \u00e9galement donn\u00e9 plusieurs conf\u00e9rences en tant qu&#8217;invit\u00e9s (une au niveau national et deux au niveau international). J&#8217;ai expertis\u00e9 plusieurs articles scientifiques dans les revues suivantes: Psychiatry Research, Frontiers in Psychiatry, AIMS Neuroscience, Schizophrenia Research, l&#8217;Ann\u00e9e Psychologique et Intellectica et finalement Cognitive Neuropsychiatry. Par ailleurs, j&#8217;ai particip\u00e9 aux comit\u00e9s \u00e9ditoriaux de Frontiers in Human Neuroscience et de Frontiers in Virtual Reality. Je participe \u00e9galement au comit\u00e9 de suivi de th\u00e8se de Mme L. H. \u00e0 l&#8217;Universit\u00e9 d&#8217;Angers.<\/p>\n\n\n\n<p class=\"has-text-align-justify\">En ce qui concerne l&#8217;internationalisation de mes recherches, j&#8217;ai collabor\u00e9 \u00e0 la production scientifique d&#8217;articles ACL avec des coll\u00e8gues de l&#8217;Universit\u00e9 McGill au Canada, de l&#8217;Universit\u00e9 Autonome de Barcelone en Espagne, de l&#8217;Universit\u00e9 de Glasgow au Royaume-Uni et de l&#8217;Universit\u00e9 Laval au Canada. En ce qui concerne l&#8217;activit\u00e9 de recherche nationale, je participe d\u00e9sormais r\u00e9guli\u00e8rement, chaque ann\u00e9e depuis 2023, aux colloques GREPACO (Groupe de R\u00e9flexion en Psychopathologie Cognitive) pour mes communications orales et affich\u00e9es. Concernant l&#8217;organisation d&#8217;\u00e9v\u00e9nements scientifiques et la vulgarisation de la recherche, je suis responsable et animateur de la cellule &#8220;Les \u00e9l\u00e8ves allophones&#8221; pour le &#8220;Groupe de Travail Num\u00e9rique et EBEP&#8221;, financ\u00e9 par le minist\u00e8re de l&#8217;\u00c9ducation nationale, de la Jeunesse et des Sports et l&#8217;acad\u00e9mie de Nancy-Metz depuis 2021.<\/p>\n\n\n\n<p class=\"has-text-align-justify\">J&#8217;\u00e9tais laur\u00e9at d&#8217;un concours interne financ\u00e9 par mon Universit\u00e9 pour r\u00e9aliser une mobilit\u00e9 externe de deux semaines \u00e0 l&#8217;University College London et \u00e0 l&#8217;Institute of Cognitive Neuroscience en avril 2024. Cette mobilit\u00e9 a donn\u00e9 suite \u00e0 un accord de collaboration de recherche entre nos universit\u00e9s, dont le d\u00e9p\u00f4t d&#8217;un projet de l&#8217;Agence nationale de la recherche  (ANR) qui a eu lieu en 2024.<\/p>\n\n\n\n<p class=\"has-text-align-justify\">M&#8217;inscrivant dans une dynamique de d\u00e9p\u00f4t de projets et de demandes de financement, j&#8217;ai particip\u00e9 en tant que co-responsable de Work Package au projet de PRC \u2013 ANR &#8220;Posture&#8221;, qui est obtenu et financ\u00e9 en 2022 pour une dur\u00e9e de six ans et un financement d&#8217;environ 700K euros, dont l&#8217;investigatrice principale est Pr. St\u00e9phanie Caillies (URCA, C2S). Par ailleurs, j&#8217;ai co-\u00e9crit une demande de financement CIFRE, obtenue en 2023 avec Pr. Sophie Berjot (URCA, C2S). Ce projet, dont le sujet est l&#8217;inclusion des sans-domicile fixes avec troubles mentaux s\u00e9v\u00e8res dans un dispositif de logement, a \u00e9t\u00e9 financ\u00e9 \u00e0 hauteur de 155K euros par l&#8217;ANRT (Association Nationale de la Recherche et de la Technologie).<\/p>\n\n\n\n<p class=\"has-text-align-justify\">En tant qu&#8217;investigateur principal, j&#8217;ai d\u00e9pos\u00e9 un projet JCJC \u00e0 l&#8217;ANR en 2018, puis un projet PRC en 2019 et en 2022, non retenu. Seul mon projet d\u00e9pos\u00e9 en septembre 2024 en tant qu&#8217;investigateur principal PRC a \u00e9t\u00e9 retenu pour la deuxi\u00e8me \u00e9tape (pour un montant de 587K euros la d\u00e9cision est en 2025). J&#8217;ai \u00e9galement d\u00e9pos\u00e9 en 2024 et 2025 une demande de financement \u00e0 INTERREG (financ\u00e9 par l&#8217;Union europ\u00e9enne) pour un montant de 50K euros, non retenu.<\/p>\n\n\n\n<p class=\"has-text-align-justify\">Actuellement, je suis co-encadrant de deux th\u00e8ses de doctorat: l&#8217;une avec Pr. Sophie Berjot pour la th\u00e8se de M. Daniel Ahondu et l&#8217;autre avec Pr. St\u00e9phanie Caillies pour la th\u00e8se de Mme Laurie Rogez en psychologie . Ces deux th\u00e8ses ont d\u00e9but\u00e9 en 2024.<\/p>\n","protected":false},"excerpt":{"rendered":"<p>Apr\u00e8s l&#8217;obtention de mon dipl\u00f4me de fin d&#8217;\u00e9tudes (\u00e9quivalent Baccalaur\u00e9at) au Lyc\u00e9e Fran\u00e7ais Saint-Michel d&#8217;Istanbul, j&#8217;ai d\u00e9but\u00e9 mes \u00e9tudes \u00e0 l&#8217;Universit\u00e9 Lyon 2 Lumi\u00e8re en l&#8217;an 2000. Suite \u00e0 l&#8217;obtention de mon Master 2 Recherche en psychologie cognitive en 2005, j&#8217;ai entrepris un doctorat sans financement sous la direction du Pr. R\u00e9my Versace au sein &hellip; <\/p>\n<p class=\"link-more\"><a href=\"https:\/\/alioker.com\/index.php\/activite-professionnelle\/\" class=\"more-link\">Continue reading<span class=\"screen-reader-text\"> &#8220;Activit\u00e9 Professionnelle&#8221;<\/span><\/a><\/p>\n","protected":false},"author":1,"featured_media":0,"parent":0,"menu_order":0,"comment_status":"closed","ping_status":"closed","template":"","meta":{"footnotes":""},"class_list":["post-130","page","type-page","status-publish","hentry","entry"],"jetpack_sharing_enabled":true,"_links":{"self":[{"href":"https:\/\/alioker.com\/index.php\/wp-json\/wp\/v2\/pages\/130","targetHints":{"allow":["GET"]}}],"collection":[{"href":"https:\/\/alioker.com\/index.php\/wp-json\/wp\/v2\/pages"}],"about":[{"href":"https:\/\/alioker.com\/index.php\/wp-json\/wp\/v2\/types\/page"}],"author":[{"embeddable":true,"href":"https:\/\/alioker.com\/index.php\/wp-json\/wp\/v2\/users\/1"}],"replies":[{"embeddable":true,"href":"https:\/\/alioker.com\/index.php\/wp-json\/wp\/v2\/comments?post=130"}],"version-history":[{"count":6,"href":"https:\/\/alioker.com\/index.php\/wp-json\/wp\/v2\/pages\/130\/revisions"}],"predecessor-version":[{"id":140,"href":"https:\/\/alioker.com\/index.php\/wp-json\/wp\/v2\/pages\/130\/revisions\/140"}],"wp:attachment":[{"href":"https:\/\/alioker.com\/index.php\/wp-json\/wp\/v2\/media?parent=130"}],"curies":[{"name":"wp","href":"https:\/\/api.w.org\/{rel}","templated":true}]}}